{"id":841,"date":"2019-04-09T15:33:53","date_gmt":"2019-04-09T15:33:53","guid":{"rendered":"https:\/\/www.lightsinalingsas.se\/kontakt\/"},"modified":"2026-03-12T16:01:59","modified_gmt":"2026-03-12T15:01:59","slug":"contact","status":"publish","type":"page","link":"https:\/\/www.lightsinalingsas.se\/en\/contact\/","title":{"rendered":"Contact"},"content":{"rendered":"<h2><a href=\"#organizer\" id=\"organizer\" class=\"heading-link\"><i class=\"fa fa-link\"><\/i><\/a>ORGANIZER<\/h2>\n<p><a href=\"https:\/\/www.alingsasenergi.se\/\">Alings\u00e5s Energi<\/a> has been involved in Lights in Alings\u00e5s since the beginning and took over the project as organizer in January 2018.<\/p>\n<h2><a href=\"#contact-2025\" id=\"contact-2025\" class=\"heading-link\"><i class=\"fa fa-link\"><\/i><\/a>CONTACT 2025<\/h2>\n<p>For general questions about Lights in Alings\u00e5s, program and guided tours for bigger groups, please send an email to <strong>lights@alingsasenergi.se<\/strong> or call <strong>Alings\u00e5s<\/strong> <strong>Energi&#8217;s customer service<\/strong> on <strong>+46322-617617.\u00a0<\/strong><\/p>\n<p>During the festival (October 3 &#8211; November 2), <strong>Alings\u00e5s Touist Office<\/strong> is also available for general questions about the festival on <strong>+46322-616200.<\/strong><\/p>\n<p>If you need <strong>help to by tickets to the guided tours<\/strong>, <strong>Alings\u00e5s Kulturhus <\/strong>is happy to help. Please visit S\u00f6dra Ringgatan 3; Mon-Thus kl. 10\u201318, Fri kl. 10\u201315, Sat kl. 10\u201314, Sun closed. Day before a &#8220;red day&#8221; kl. 10\u201315.<\/p>\n<p>You are also welcome to contact <strong>the organizers <\/strong>for specific questions regarding the festival and workshop.<\/p>\n<h2><a href=\"#in-case-of-operational-issue-2025\" id=\"in-case-of-operational-issue-2025\" class=\"heading-link\"><i class=\"fa fa-link\"><\/i><\/a>IN CASE OF OPERATIONAL ISSUE 2025<\/h2>\n<p>Occasionally, operational issues can occur along the lighting trail, which may be due to different reasons. We appreciate receiving calls if any installation does not appear to be illuminated as it should. Please call <strong>Alings\u00e5s<\/strong> <strong>Energi&#8217;s customer service<\/strong> on <strong>+46322-617617.<\/strong><\/p>\n","protected":false},"excerpt":{"rendered":"<p>ORGANIZER Alings\u00e5s Energi has been involved in Lights in Alings\u00e5s since the beginning and took over the project as organizer in January 2018. CONTACT 2025 For general questions about Lights in Alings\u00e5s, program and guided tours for bigger groups, please send an email to lights@alingsasenergi.se or call Alings\u00e5s Energi&#8217;s customer [&hellip;]<\/p>\n<div class=\"readmore-wrap\"><a href=\"https:\/\/www.lightsinalingsas.se\/en\/contact\/\" class=\"button\">Read more<\/a><\/div>","protected":false},"author":1,"featured_media":0,"parent":0,"menu_order":12,"comment_status":"closed","ping_status":"closed","template":"page-templates\/contact.php","meta":{"_acf_changed":false,"footnotes":""},"class_list":["post-841","page","type-page","status-publish","hentry"],"acf":[],"yoast_head":"<!-- This site is optimized with the Yoast SEO plugin v27.4 - https:\/\/yoast.com\/product\/yoast-seo-wordpress\/ -->\n<title>Contact - Lights in Alings\u00e5s<\/title>\n<meta name=\"robots\" content=\"index, follow, max-snippet:-1, max-image-preview:large, max-video-preview:-1\" \/>\n<link rel=\"canonical\" href=\"https:\/\/www.lightsinalingsas.se\/en\/contact\/\" \/>\n<meta property=\"og:locale\" content=\"en_US\" \/>\n<meta property=\"og:type\" content=\"article\" \/>\n<meta property=\"og:title\" content=\"Contact - Lights in Alings\u00e5s\" \/>\n<meta property=\"og:description\" content=\"ORGANIZER Alings\u00e5s Energi has been involved in Lights in Alings\u00e5s since the beginning and took over the project as organizer in January 2018. CONTACT 2025 For general questions about Lights in Alings\u00e5s, program and guided tours for bigger groups, please send an email to lights@alingsasenergi.se or call Alings\u00e5s Energi&#8217;s customer [&hellip;]\" \/>\n<meta property=\"og:url\" content=\"https:\/\/www.lightsinalingsas.se\/en\/contact\/\" \/>\n<meta property=\"og:site_name\" content=\"Lights in Alings\u00e5s\" \/>\n<meta property=\"article:publisher\" content=\"https:\/\/www.facebook.com\/lightsinalingsas\" \/>\n<meta property=\"article:modified_time\" content=\"2026-03-12T15:01:59+00:00\" \/>\n<meta name=\"twitter:card\" content=\"summary_large_image\" \/>\n<meta name=\"twitter:label1\" content=\"Est. reading time\" \/>\n\t<meta name=\"twitter:data1\" content=\"1 minute\" \/>\n<script type=\"application\/ld+json\" class=\"yoast-schema-graph\">{\"@context\":\"https:\\\/\\\/schema.org\",\"@graph\":[{\"@type\":\"WebPage\",\"@id\":\"https:\\\/\\\/www.lightsinalingsas.se\\\/en\\\/contact\\\/\",\"url\":\"https:\\\/\\\/www.lightsinalingsas.se\\\/en\\\/contact\\\/\",\"name\":\"Contact - Lights in Alings\u00e5s\",\"isPartOf\":{\"@id\":\"https:\\\/\\\/www.lightsinalingsas.se\\\/#website\"},\"datePublished\":\"2019-04-09T15:33:53+00:00\",\"dateModified\":\"2026-03-12T15:01:59+00:00\",\"breadcrumb\":{\"@id\":\"https:\\\/\\\/www.lightsinalingsas.se\\\/en\\\/contact\\\/#breadcrumb\"},\"inLanguage\":\"en-US\",\"potentialAction\":[{\"@type\":\"ReadAction\",\"target\":[\"https:\\\/\\\/www.lightsinalingsas.se\\\/en\\\/contact\\\/\"]}]},{\"@type\":\"BreadcrumbList\",\"@id\":\"https:\\\/\\\/www.lightsinalingsas.se\\\/en\\\/contact\\\/#breadcrumb\",\"itemListElement\":[{\"@type\":\"ListItem\",\"position\":1,\"name\":\"Home\",\"item\":\"https:\\\/\\\/www.lightsinalingsas.se\\\/en\\\/\"},{\"@type\":\"ListItem\",\"position\":2,\"name\":\"Contact\"}]},{\"@type\":\"WebSite\",\"@id\":\"https:\\\/\\\/www.lightsinalingsas.se\\\/#website\",\"url\":\"https:\\\/\\\/www.lightsinalingsas.se\\\/\",\"name\":\"Lights in Alings\u00e5s\",\"description\":\"| 1 OKTOBER - 1 NOVEMBER, 2020\",\"publisher\":{\"@id\":\"https:\\\/\\\/www.lightsinalingsas.se\\\/#organization\"},\"potentialAction\":[{\"@type\":\"SearchAction\",\"target\":{\"@type\":\"EntryPoint\",\"urlTemplate\":\"https:\\\/\\\/www.lightsinalingsas.se\\\/?s={search_term_string}\"},\"query-input\":{\"@type\":\"PropertyValueSpecification\",\"valueRequired\":true,\"valueName\":\"search_term_string\"}}],\"inLanguage\":\"en-US\"},{\"@type\":\"Organization\",\"@id\":\"https:\\\/\\\/www.lightsinalingsas.se\\\/#organization\",\"name\":\"Lights In Alings\u00e5s\",\"url\":\"https:\\\/\\\/www.lightsinalingsas.se\\\/\",\"logo\":{\"@type\":\"ImageObject\",\"inLanguage\":\"en-US\",\"@id\":\"https:\\\/\\\/www.lightsinalingsas.se\\\/#\\\/schema\\\/logo\\\/image\\\/\",\"url\":\"https:\\\/\\\/www.lightsinalingsas.se\\\/wp-content\\\/uploads\\\/2020\\\/07\\\/LIA_logo_variant_underryckare_svart.png\",\"contentUrl\":\"https:\\\/\\\/www.lightsinalingsas.se\\\/wp-content\\\/uploads\\\/2020\\\/07\\\/LIA_logo_variant_underryckare_svart.png\",\"width\":869,\"height\":506,\"caption\":\"Lights In Alings\u00e5s\"},\"image\":{\"@id\":\"https:\\\/\\\/www.lightsinalingsas.se\\\/#\\\/schema\\\/logo\\\/image\\\/\"},\"sameAs\":[\"https:\\\/\\\/www.facebook.com\\\/lightsinalingsas\",\"https:\\\/\\\/www.instagram.com\\\/lightsinalingsas\\\/?hl=sv\",\"https:\\\/\\\/www.linkedin.com\\\/company\\\/lights-in-alings\u00e5s\\\/?originalSubdomain=se\"]}]}<\/script>\n<!-- \/ Yoast SEO plugin. -->","yoast_head_json":{"title":"Contact - Lights in Alings\u00e5s","robots":{"index":"index","follow":"follow","max-snippet":"max-snippet:-1","max-image-preview":"max-image-preview:large","max-video-preview":"max-video-preview:-1"},"canonical":"https:\/\/www.lightsinalingsas.se\/en\/contact\/","og_locale":"en_US","og_type":"article","og_title":"Contact - Lights in Alings\u00e5s","og_description":"ORGANIZER Alings\u00e5s Energi has been involved in Lights in Alings\u00e5s since the beginning and took over the project as organizer in January 2018. CONTACT 2025 For general questions about Lights in Alings\u00e5s, program and guided tours for bigger groups, please send an email to lights@alingsasenergi.se or call Alings\u00e5s Energi&#8217;s customer [&hellip;]","og_url":"https:\/\/www.lightsinalingsas.se\/en\/contact\/","og_site_name":"Lights in Alings\u00e5s","article_publisher":"https:\/\/www.facebook.com\/lightsinalingsas","article_modified_time":"2026-03-12T15:01:59+00:00","twitter_card":"summary_large_image","twitter_misc":{"Est. reading time":"1 minute"},"schema":{"@context":"https:\/\/schema.org","@graph":[{"@type":"WebPage","@id":"https:\/\/www.lightsinalingsas.se\/en\/contact\/","url":"https:\/\/www.lightsinalingsas.se\/en\/contact\/","name":"Contact - Lights in Alings\u00e5s","isPartOf":{"@id":"https:\/\/www.lightsinalingsas.se\/#website"},"datePublished":"2019-04-09T15:33:53+00:00","dateModified":"2026-03-12T15:01:59+00:00","breadcrumb":{"@id":"https:\/\/www.lightsinalingsas.se\/en\/contact\/#breadcrumb"},"inLanguage":"en-US","potentialAction":[{"@type":"ReadAction","target":["https:\/\/www.lightsinalingsas.se\/en\/contact\/"]}]},{"@type":"BreadcrumbList","@id":"https:\/\/www.lightsinalingsas.se\/en\/contact\/#breadcrumb","itemListElement":[{"@type":"ListItem","position":1,"name":"Home","item":"https:\/\/www.lightsinalingsas.se\/en\/"},{"@type":"ListItem","position":2,"name":"Contact"}]},{"@type":"WebSite","@id":"https:\/\/www.lightsinalingsas.se\/#website","url":"https:\/\/www.lightsinalingsas.se\/","name":"Lights in Alings\u00e5s","description":"| 1 OKTOBER - 1 NOVEMBER, 2020","publisher":{"@id":"https:\/\/www.lightsinalingsas.se\/#organization"},"potentialAction":[{"@type":"SearchAction","target":{"@type":"EntryPoint","urlTemplate":"https:\/\/www.lightsinalingsas.se\/?s={search_term_string}"},"query-input":{"@type":"PropertyValueSpecification","valueRequired":true,"valueName":"search_term_string"}}],"inLanguage":"en-US"},{"@type":"Organization","@id":"https:\/\/www.lightsinalingsas.se\/#organization","name":"Lights In Alings\u00e5s","url":"https:\/\/www.lightsinalingsas.se\/","logo":{"@type":"ImageObject","inLanguage":"en-US","@id":"https:\/\/www.lightsinalingsas.se\/#\/schema\/logo\/image\/","url":"https:\/\/www.lightsinalingsas.se\/wp-content\/uploads\/2020\/07\/LIA_logo_variant_underryckare_svart.png","contentUrl":"https:\/\/www.lightsinalingsas.se\/wp-content\/uploads\/2020\/07\/LIA_logo_variant_underryckare_svart.png","width":869,"height":506,"caption":"Lights In Alings\u00e5s"},"image":{"@id":"https:\/\/www.lightsinalingsas.se\/#\/schema\/logo\/image\/"},"sameAs":["https:\/\/www.facebook.com\/lightsinalingsas","https:\/\/www.instagram.com\/lightsinalingsas\/?hl=sv","https:\/\/www.linkedin.com\/company\/lights-in-alings\u00e5s\/?originalSubdomain=se"]}]}},"_links":{"self":[{"href":"https:\/\/www.lightsinalingsas.se\/en\/wp-json\/wp\/v2\/pages\/841","targetHints":{"allow":["GET"]}}],"collection":[{"href":"https:\/\/www.lightsinalingsas.se\/en\/wp-json\/wp\/v2\/pages"}],"about":[{"href":"https:\/\/www.lightsinalingsas.se\/en\/wp-json\/wp\/v2\/types\/page"}],"author":[{"embeddable":true,"href":"https:\/\/www.lightsinalingsas.se\/en\/wp-json\/wp\/v2\/users\/1"}],"replies":[{"embeddable":true,"href":"https:\/\/www.lightsinalingsas.se\/en\/wp-json\/wp\/v2\/comments?post=841"}],"version-history":[{"count":35,"href":"https:\/\/www.lightsinalingsas.se\/en\/wp-json\/wp\/v2\/pages\/841\/revisions"}],"predecessor-version":[{"id":10314,"href":"https:\/\/www.lightsinalingsas.se\/en\/wp-json\/wp\/v2\/pages\/841\/revisions\/10314"}],"wp:attachment":[{"href":"https:\/\/www.lightsinalingsas.se\/en\/wp-json\/wp\/v2\/media?parent=841"}],"curies":[{"name":"wp","href":"https:\/\/api.w.org\/{rel}","templated":true}]}}